{"id":665,"date":"2024-09-21T08:41:13","date_gmt":"2024-09-21T08:41:13","guid":{"rendered":"https:\/\/tekirdagvaillantkombiservisi.com.tr\/?page_id=665"},"modified":"2024-09-24T11:29:12","modified_gmt":"2024-09-24T11:29:12","slug":"iletisim","status":"publish","type":"page","link":"https:\/\/tekirdagvaillantkombiservisi.com.tr\/index.php\/iletisim\/","title":{"rendered":"\u0130leti\u015fim"},"content":{"rendered":"\t\t<div data-elementor-type=\"wp-page\" data-elementor-id=\"665\" class=\"elementor elementor-665\">\n\t\t\t\t\t\t<section class=\"elementor-section elementor-top-section elementor-element elementor-element-264cbe54 elementor-section-boxed elementor-section-height-default elementor-section-height-default\" data-id=\"264cbe54\" data-element_type=\"section\" data-e-type=\"section\" data-settings=\"{&quot;background_background&quot;:&quot;classic&quot;}\">\n\t\t\t\t\t\t\t<div class=\"elementor-background-overlay\"><\/div>\n\t\t\t\t\t\t\t<div class=\"elementor-container elementor-column-gap-default\">\n\t\t\t\t\t<div class=\"elementor-column elementor-col-100 elementor-top-column elementor-element elementor-element-5669ce32\" data-id=\"5669ce32\" data-element_type=\"column\" data-e-type=\"column\">\n\t\t\t<div class=\"elementor-widget-wrap elementor-element-populated\">\n\t\t\t\t\t\t<div class=\"elementor-element elementor-element-3bb5e3c elementor-widget elementor-widget-heading\" data-id=\"3bb5e3c\" data-element_type=\"widget\" data-e-type=\"widget\" data-widget_type=\"heading.default\">\n\t\t\t\t<div class=\"elementor-widget-container\">\n\t\t\t\t\t<h2 class=\"elementor-heading-title elementor-size-default\">\u0130leti\u015fim<br \/>Tekirda\u011f Vaillant Servisi<\/h2>\t\t\t\t<\/div>\n\t\t\t\t<\/div>\n\t\t\t\t<div class=\"elementor-element elementor-element-357be750 elementor-align-center elementor-tablet-align-center elementor-widget__width-initial elementor-widget elementor-widget-button\" data-id=\"357be750\" data-element_type=\"widget\" data-e-type=\"widget\" data-widget_type=\"button.default\">\n\t\t\t\t<div class=\"elementor-widget-container\">\n\t\t\t\t\t\t\t\t\t<div class=\"elementor-button-wrapper\">\n\t\t\t\t\t<a class=\"elementor-button elementor-button-link elementor-size-sm\" href=\"tel:02822632296\">\n\t\t\t\t\t\t<span class=\"elementor-button-content-wrapper\">\n\t\t\t\t\t\t\t\t\t<span class=\"elementor-button-text\">0282 263 22 96<\/span>\n\t\t\t\t\t<\/span>\n\t\t\t\t\t<\/a>\n\t\t\t\t<\/div>\n\t\t\t\t\t\t\t\t<\/div>\n\t\t\t\t<\/div>\n\t\t\t\t\t<\/div>\n\t\t<\/div>\n\t\t\t\t\t<\/div>\n\t\t<\/section>\n\t\t\t\t<section class=\"elementor-section elementor-top-section elementor-element elementor-element-7a4cc2dd elementor-section-content-middle elementor-section-boxed elementor-section-height-default elementor-section-height-default\" data-id=\"7a4cc2dd\" data-element_type=\"section\" data-e-type=\"section\" data-settings=\"{&quot;background_background&quot;:&quot;classic&quot;}\">\n\t\t\t\t\t\t<div class=\"elementor-container elementor-column-gap-default\">\n\t\t\t\t\t<div class=\"elementor-column elementor-col-50 elementor-top-column elementor-element elementor-element-3b696522\" data-id=\"3b696522\" data-element_type=\"column\" data-e-type=\"column\">\n\t\t\t<div class=\"elementor-widget-wrap elementor-element-populated\">\n\t\t\t\t\t\t<div class=\"elementor-element elementor-element-60e2edc3 elementor-widget elementor-widget-image\" data-id=\"60e2edc3\" data-element_type=\"widget\" data-e-type=\"widget\" data-widget_type=\"image.default\">\n\t\t\t\t<div class=\"elementor-widget-container\">\n\t\t\t\t\t\t\t\t\t\t\t\t\t\t\t<img fetchpriority=\"high\" decoding=\"async\" width=\"837\" height=\"682\" src=\"https:\/\/tekirdagvaillantkombiservisi.com.tr\/wp-content\/uploads\/2024\/09\/1230711018358920vaillan.jpg\" class=\"attachment-large size-large wp-image-672\" alt=\"\u0130leti\u015fim 1230711018358920vaillan\" srcset=\"https:\/\/tekirdagvaillantkombiservisi.com.tr\/wp-content\/uploads\/2024\/09\/1230711018358920vaillan.jpg 837w, https:\/\/tekirdagvaillantkombiservisi.com.tr\/wp-content\/uploads\/2024\/09\/1230711018358920vaillan-300x244.jpg 300w, https:\/\/tekirdagvaillantkombiservisi.com.tr\/wp-content\/uploads\/2024\/09\/1230711018358920vaillan-768x626.jpg 768w, https:\/\/tekirdagvaillantkombiservisi.com.tr\/wp-content\/uploads\/2024\/09\/1230711018358920vaillan-230x187.jpg 230w, https:\/\/tekirdagvaillantkombiservisi.com.tr\/wp-content\/uploads\/2024\/09\/1230711018358920vaillan-350x285.jpg 350w, https:\/\/tekirdagvaillantkombiservisi.com.tr\/wp-content\/uploads\/2024\/09\/1230711018358920vaillan-480x391.jpg 480w\" sizes=\"(max-width: 837px) 100vw, 837px\" \/>\t\t\t\t\t\t\t\t\t\t\t\t\t\t\t<\/div>\n\t\t\t\t<\/div>\n\t\t\t\t\t<\/div>\n\t\t<\/div>\n\t\t\t\t<div class=\"elementor-column elementor-col-50 elementor-top-column elementor-element elementor-element-46b10b98\" data-id=\"46b10b98\" data-element_type=\"column\" data-e-type=\"column\">\n\t\t\t<div class=\"elementor-widget-wrap elementor-element-populated\">\n\t\t\t\t\t\t<div class=\"elementor-element elementor-element-239bc85d elementor-widget elementor-widget-heading\" data-id=\"239bc85d\" data-element_type=\"widget\" data-e-type=\"widget\" data-widget_type=\"heading.default\">\n\t\t\t\t<div class=\"elementor-widget-container\">\n\t\t\t\t\t<h2 class=\"elementor-heading-title elementor-size-default\">Tekirda\u011f Vaillant<\/h2>\t\t\t\t<\/div>\n\t\t\t\t<\/div>\n\t\t\t\t<div class=\"elementor-element elementor-element-5208060f elementor-widget elementor-widget-text-editor\" data-id=\"5208060f\" data-element_type=\"widget\" data-e-type=\"widget\" data-widget_type=\"text-editor.default\">\n\t\t\t\t<div class=\"elementor-widget-container\">\n\t\t\t\t\t\t\t\t\t<p>\u0130leti\u015fim <a href=\"https:\/\/tekirdagvaillantkombiservisi.com.tr\/\">&#8211;<\/a> Tekirda\u011f Vaillant Servisi. Bizimle ileti\u015fime ge\u00e7mek \u00e7ok kolay! Vaillant kombi, kazan ve kaskad sistemlerinizle ilgili her t\u00fcrl\u00fc bak\u0131m, onar\u0131m ve yedek par\u00e7a ihtiya\u00e7lar\u0131n\u0131z i\u00e7in size bir telefon kadar yak\u0131n\u0131z. H\u0131zl\u0131 ve g\u00fcvenilir servis hizmeti almak i\u00e7in a\u015fa\u011f\u0131daki ileti\u015fim kanallar\u0131m\u0131z\u0131 kullanabilirsiniz.<\/p>\t\t\t\t\t\t\t\t<\/div>\n\t\t\t\t<\/div>\n\t\t\t\t<div class=\"elementor-element elementor-element-17d39fca elementor-align-left elementor-tablet-align-center elementor-invisible elementor-widget elementor-widget-button\" data-id=\"17d39fca\" data-element_type=\"widget\" data-e-type=\"widget\" data-settings=\"{&quot;_animation&quot;:&quot;rotateIn&quot;}\" data-widget_type=\"button.default\">\n\t\t\t\t<div class=\"elementor-widget-container\">\n\t\t\t\t\t\t\t\t\t<div class=\"elementor-button-wrapper\">\n\t\t\t\t\t<a class=\"elementor-button elementor-button-link elementor-size-sm\" href=\"tel:02822632296\">\n\t\t\t\t\t\t<span class=\"elementor-button-content-wrapper\">\n\t\t\t\t\t\t\t\t\t<span class=\"elementor-button-text\">0282 263 22 96<\/span>\n\t\t\t\t\t<\/span>\n\t\t\t\t\t<\/a>\n\t\t\t\t<\/div>\n\t\t\t\t\t\t\t\t<\/div>\n\t\t\t\t<\/div>\n\t\t\t\t<div class=\"elementor-element elementor-element-997884c elementor-position-inline-start elementor-view-default elementor-mobile-position-block-start elementor-widget elementor-widget-icon-box\" data-id=\"997884c\" data-element_type=\"widget\" data-e-type=\"widget\" data-widget_type=\"icon-box.default\">\n\t\t\t\t<div class=\"elementor-widget-container\">\n\t\t\t\t\t\t\t<div class=\"elementor-icon-box-wrapper\">\n\n\t\t\t\t\t\t<div class=\"elementor-icon-box-icon\">\n\t\t\t\t<a href=\"https:\/\/wa.me\/+905358762580\" class=\"elementor-icon\" tabindex=\"-1\" aria-label=\"WhatsApp \u0130leti\u015fim\">\n\t\t\t\t<svg aria-hidden=\"true\" class=\"e-font-icon-svg e-fab-whatsapp\" viewBox=\"0 0 448 512\" xmlns=\"http:\/\/www.w3.org\/2000\/svg\"><path d=\"M380.9 97.1C339 55.1 283.2 32 223.9 32c-122.4 0-222 99.6-222 222 0 39.1 10.2 77.3 29.6 111L0 480l117.7-30.9c32.4 17.7 68.9 27 106.1 27h.1c122.3 0 224.1-99.6 224.1-222 0-59.3-25.2-115-67.1-157zm-157 341.6c-33.2 0-65.7-8.9-94-25.7l-6.7-4-69.8 18.3L72 359.2l-4.4-7c-18.5-29.4-28.2-63.3-28.2-98.2 0-101.7 82.8-184.5 184.6-184.5 49.3 0 95.6 19.2 130.4 54.1 34.8 34.9 56.2 81.2 56.1 130.5 0 101.8-84.9 184.6-186.6 184.6zm101.2-138.2c-5.5-2.8-32.8-16.2-37.9-18-5.1-1.9-8.8-2.8-12.5 2.8-3.7 5.6-14.3 18-17.6 21.8-3.2 3.7-6.5 4.2-12 1.4-32.6-16.3-54-29.1-75.5-66-5.7-9.8 5.7-9.1 16.3-30.3 1.8-3.7.9-6.9-.5-9.7-1.4-2.8-12.5-30.1-17.1-41.2-4.5-10.8-9.1-9.3-12.5-9.5-3.2-.2-6.9-.2-10.6-.2-3.7 0-9.7 1.4-14.8 6.9-5.1 5.6-19.4 19-19.4 46.3 0 27.3 19.9 53.7 22.6 57.4 2.8 3.7 39.1 59.7 94.8 83.8 35.2 15.2 49 16.5 66.6 13.9 10.7-1.6 32.8-13.4 37.4-26.4 4.6-13 4.6-24.1 3.2-26.4-1.3-2.5-5-3.9-10.5-6.6z\"><\/path><\/svg>\t\t\t\t<\/a>\n\t\t\t<\/div>\n\t\t\t\n\t\t\t\t\t\t<div class=\"elementor-icon-box-content\">\n\n\t\t\t\t\t\t\t\t\t<h3 class=\"elementor-icon-box-title\">\n\t\t\t\t\t\t<a href=\"https:\/\/wa.me\/+905358762580\" >\n\t\t\t\t\t\t\tWhatsApp \u0130leti\u015fim\t\t\t\t\t\t<\/a>\n\t\t\t\t\t<\/h3>\n\t\t\t\t\n\t\t\t\t\t\t\t\t\t<p class=\"elementor-icon-box-description\">\n\t\t\t\t\t\tWhatsApp \u0130leti\u015fim T\u0131kla Ba\u011flan\t\t\t\t\t<\/p>\n\t\t\t\t\n\t\t\t<\/div>\n\t\t\t\n\t\t<\/div>\n\t\t\t\t\t\t<\/div>\n\t\t\t\t<\/div>\n\t\t\t\t\t<\/div>\n\t\t<\/div>\n\t\t\t\t\t<\/div>\n\t\t<\/section>\n\t\t\t\t<section class=\"elementor-section elementor-top-section elementor-element elementor-element-37a70f0d elementor-section-content-middle elementor-section-boxed elementor-section-height-default elementor-section-height-default\" data-id=\"37a70f0d\" data-element_type=\"section\" data-e-type=\"section\" data-settings=\"{&quot;background_background&quot;:&quot;classic&quot;}\">\n\t\t\t\t\t\t<div class=\"elementor-container elementor-column-gap-default\">\n\t\t\t\t\t<div class=\"elementor-column elementor-col-50 elementor-top-column elementor-element elementor-element-3c606770\" data-id=\"3c606770\" data-element_type=\"column\" data-e-type=\"column\">\n\t\t\t<div class=\"elementor-widget-wrap elementor-element-populated\">\n\t\t\t\t\t\t<div class=\"elementor-element elementor-element-a13f0c5 elementor-widget elementor-widget-text-editor\" data-id=\"a13f0c5\" data-element_type=\"widget\" data-e-type=\"widget\" data-widget_type=\"text-editor.default\">\n\t\t\t\t<div class=\"elementor-widget-container\">\n\t\t\t\t\t\t\t\t\t<p>Adres: Yavuz Mah. Pe\u015ftamalci Cad<a href=\"http:\/\/www.google.com.tr\">.<\/a> No:126\/A<br \/>S\u00fcleymanpa\u015fa \/ Tekirda\u011f<\/p><p>\u00c7al\u0131\u015fma Saatlerimiz:\u00a0<strong>Pazartesi &#8211; Cumartesi:<\/strong> 08:00 &#8211; 22:00<br \/><strong>Pazar:<\/strong> 10:00 &#8211; 19:00<br \/>Acil durumlar i\u00e7in 7\/24 hizmet vermekteyiz!<\/p><p><strong>E-posta:<\/strong> info@tekirdagvaillantkombiservisi.com.tr<\/p>\t\t\t\t\t\t\t\t<\/div>\n\t\t\t\t<\/div>\n\t\t\t\t<div class=\"elementor-element elementor-element-21481b8 elementor-widget elementor-widget-google_maps\" data-id=\"21481b8\" data-element_type=\"widget\" data-e-type=\"widget\" data-widget_type=\"google_maps.default\">\n\t\t\t\t<div class=\"elementor-widget-container\">\n\t\t\t\t\t\t\t<div class=\"elementor-custom-embed\">\n\t\t\t<iframe loading=\"lazy\"\n\t\t\t\t\tsrc=\"https:\/\/maps.google.com\/maps?q=Pe%C5%9Ftamalci%20caddesi%20No%3A126&#038;t=m&#038;z=10&#038;output=embed&#038;iwloc=near\"\n\t\t\t\t\ttitle=\"Pe\u015ftamalci caddesi No:126\"\n\t\t\t\t\taria-label=\"Pe\u015ftamalci caddesi No:126\"\n\t\t\t><\/iframe>\n\t\t<\/div>\n\t\t\t\t\t\t<\/div>\n\t\t\t\t<\/div>\n\t\t\t\t\t<\/div>\n\t\t<\/div>\n\t\t\t\t<div class=\"elementor-column elementor-col-50 elementor-top-column elementor-element elementor-element-638142e7\" data-id=\"638142e7\" data-element_type=\"column\" data-e-type=\"column\">\n\t\t\t<div class=\"elementor-widget-wrap\">\n\t\t\t\t\t\t\t<\/div>\n\t\t<\/div>\n\t\t\t\t\t<\/div>\n\t\t<\/section>\n\t\t\t\t<\/div>\n\t\t","protected":false},"excerpt":{"rendered":"<p>\u0130leti\u015fimTekirda\u011f Vaillant Servisi 0282 263 22 96 Tekirda\u011f Vaillant \u0130leti\u015fim &#8211; Tekirda\u011f Vaillant Servisi. Bizimle ileti\u015fime ge\u00e7mek \u00e7ok kolay! Vaillant kombi, kazan ve kaskad sistemlerinizle [&hellip;]<\/p>\n","protected":false},"author":1,"featured_media":0,"parent":0,"menu_order":0,"comment_status":"closed","ping_status":"closed","template":"page-templates\/page_front-page.php","meta":{"footnotes":""},"class_list":["post-665","page","type-page","status-publish","hentry"],"yoast_head":"<!-- This site is optimized with the Yoast SEO plugin v27.5 - https:\/\/yoast.com\/product\/yoast-seo-wordpress\/ -->\n<title>\u0130leti\u015fim - Tekirda\u011f Vaillant Kombi Servisi 0282 263 22 96<\/title>\n<meta name=\"description\" content=\"\u0130leti\u015fim Tekirda\u011f Vaillant Kombi Servisi 0282 263 22 96 WhatsApp \u0130leti\u015fim 0535 876 25 80 Tekirda\u011f Vaillant Kombi, Kazan, Kaskad Sistemleri\" \/>\n<meta name=\"robots\" content=\"index, follow, max-snippet:-1, max-image-preview:large, max-video-preview:-1\" \/>\n<link rel=\"canonical\" href=\"https:\/\/tekirdagvaillantkombiservisi.com.tr\/index.php\/iletisim\/\" \/>\n<meta property=\"og:locale\" content=\"tr_TR\" \/>\n<meta property=\"og:type\" content=\"article\" \/>\n<meta property=\"og:title\" content=\"\u0130leti\u015fim - Tekirda\u011f Vaillant Kombi Servisi 0282 263 22 96\" \/>\n<meta property=\"og:description\" content=\"\u0130leti\u015fim Tekirda\u011f Vaillant Kombi Servisi 0282 263 22 96 WhatsApp \u0130leti\u015fim 0535 876 25 80 Tekirda\u011f Vaillant Kombi, Kazan, Kaskad Sistemleri\" \/>\n<meta property=\"og:url\" content=\"https:\/\/tekirdagvaillantkombiservisi.com.tr\/index.php\/iletisim\/\" \/>\n<meta property=\"og:site_name\" content=\"Tekirda\u011f Vaillant Kombi Servisi 0282 263 22 96\" \/>\n<meta property=\"article:modified_time\" content=\"2024-09-24T11:29:12+00:00\" \/>\n<meta property=\"og:image\" content=\"https:\/\/tekirdagvaillantkombiservisi.com.tr\/wp-content\/uploads\/2024\/09\/1230711018358920vaillan.jpg\" \/>\n<meta name=\"twitter:card\" content=\"summary_large_image\" \/>\n<meta name=\"twitter:label1\" content=\"Tahmini okuma s\u00fcresi\" \/>\n\t<meta name=\"twitter:data1\" content=\"1 dakika\" \/>\n<script type=\"application\/ld+json\" class=\"yoast-schema-graph\">{\"@context\":\"https:\\\/\\\/schema.org\",\"@graph\":[{\"@type\":\"WebPage\",\"@id\":\"https:\\\/\\\/tekirdagvaillantkombiservisi.com.tr\\\/index.php\\\/iletisim\\\/\",\"url\":\"https:\\\/\\\/tekirdagvaillantkombiservisi.com.tr\\\/index.php\\\/iletisim\\\/\",\"name\":\"\u0130leti\u015fim - Tekirda\u011f Vaillant Kombi Servisi 0282 263 22 96\",\"isPartOf\":{\"@id\":\"https:\\\/\\\/tekirdagvaillantkombiservisi.com.tr\\\/#website\"},\"primaryImageOfPage\":{\"@id\":\"https:\\\/\\\/tekirdagvaillantkombiservisi.com.tr\\\/index.php\\\/iletisim\\\/#primaryimage\"},\"image\":{\"@id\":\"https:\\\/\\\/tekirdagvaillantkombiservisi.com.tr\\\/index.php\\\/iletisim\\\/#primaryimage\"},\"thumbnailUrl\":\"https:\\\/\\\/tekirdagvaillantkombiservisi.com.tr\\\/wp-content\\\/uploads\\\/2024\\\/09\\\/1230711018358920vaillan.jpg\",\"datePublished\":\"2024-09-21T08:41:13+00:00\",\"dateModified\":\"2024-09-24T11:29:12+00:00\",\"description\":\"\u0130leti\u015fim Tekirda\u011f Vaillant Kombi Servisi 0282 263 22 96 WhatsApp \u0130leti\u015fim 0535 876 25 80 Tekirda\u011f Vaillant Kombi, Kazan, Kaskad Sistemleri\",\"breadcrumb\":{\"@id\":\"https:\\\/\\\/tekirdagvaillantkombiservisi.com.tr\\\/index.php\\\/iletisim\\\/#breadcrumb\"},\"inLanguage\":\"tr\",\"potentialAction\":[{\"@type\":\"ReadAction\",\"target\":[\"https:\\\/\\\/tekirdagvaillantkombiservisi.com.tr\\\/index.php\\\/iletisim\\\/\"]}]},{\"@type\":\"ImageObject\",\"inLanguage\":\"tr\",\"@id\":\"https:\\\/\\\/tekirdagvaillantkombiservisi.com.tr\\\/index.php\\\/iletisim\\\/#primaryimage\",\"url\":\"https:\\\/\\\/tekirdagvaillantkombiservisi.com.tr\\\/wp-content\\\/uploads\\\/2024\\\/09\\\/1230711018358920vaillan.jpg\",\"contentUrl\":\"https:\\\/\\\/tekirdagvaillantkombiservisi.com.tr\\\/wp-content\\\/uploads\\\/2024\\\/09\\\/1230711018358920vaillan.jpg\",\"width\":837,\"height\":682,\"caption\":\"\u0130leti\u015fim 1230711018358920vaillan\"},{\"@type\":\"BreadcrumbList\",\"@id\":\"https:\\\/\\\/tekirdagvaillantkombiservisi.com.tr\\\/index.php\\\/iletisim\\\/#breadcrumb\",\"itemListElement\":[{\"@type\":\"ListItem\",\"position\":1,\"name\":\"Anasayfa\",\"item\":\"https:\\\/\\\/tekirdagvaillantkombiservisi.com.tr\\\/\"},{\"@type\":\"ListItem\",\"position\":2,\"name\":\"\u0130leti\u015fim\"}]},{\"@type\":\"WebSite\",\"@id\":\"https:\\\/\\\/tekirdagvaillantkombiservisi.com.tr\\\/#website\",\"url\":\"https:\\\/\\\/tekirdagvaillantkombiservisi.com.tr\\\/\",\"name\":\"Tekirda\u011f Vaillant Kombi Servisi 0282 263 22 96\",\"description\":\"Tekirda\u011f Vaillant Kombi Servisi 0282 263 22 96\",\"potentialAction\":[{\"@type\":\"SearchAction\",\"target\":{\"@type\":\"EntryPoint\",\"urlTemplate\":\"https:\\\/\\\/tekirdagvaillantkombiservisi.com.tr\\\/?s={search_term_string}\"},\"query-input\":{\"@type\":\"PropertyValueSpecification\",\"valueRequired\":true,\"valueName\":\"search_term_string\"}}],\"inLanguage\":\"tr\"}]}<\/script>\n<!-- \/ Yoast SEO plugin. -->","yoast_head_json":{"title":"\u0130leti\u015fim - Tekirda\u011f Vaillant Kombi Servisi 0282 263 22 96","description":"\u0130leti\u015fim Tekirda\u011f Vaillant Kombi Servisi 0282 263 22 96 WhatsApp \u0130leti\u015fim 0535 876 25 80 Tekirda\u011f Vaillant Kombi, Kazan, Kaskad Sistemleri","robots":{"index":"index","follow":"follow","max-snippet":"max-snippet:-1","max-image-preview":"max-image-preview:large","max-video-preview":"max-video-preview:-1"},"canonical":"https:\/\/tekirdagvaillantkombiservisi.com.tr\/index.php\/iletisim\/","og_locale":"tr_TR","og_type":"article","og_title":"\u0130leti\u015fim - Tekirda\u011f Vaillant Kombi Servisi 0282 263 22 96","og_description":"\u0130leti\u015fim Tekirda\u011f Vaillant Kombi Servisi 0282 263 22 96 WhatsApp \u0130leti\u015fim 0535 876 25 80 Tekirda\u011f Vaillant Kombi, Kazan, Kaskad Sistemleri","og_url":"https:\/\/tekirdagvaillantkombiservisi.com.tr\/index.php\/iletisim\/","og_site_name":"Tekirda\u011f Vaillant Kombi Servisi 0282 263 22 96","article_modified_time":"2024-09-24T11:29:12+00:00","og_image":[{"url":"https:\/\/tekirdagvaillantkombiservisi.com.tr\/wp-content\/uploads\/2024\/09\/1230711018358920vaillan.jpg","type":"","width":"","height":""}],"twitter_card":"summary_large_image","twitter_misc":{"Tahmini okuma s\u00fcresi":"1 dakika"},"schema":{"@context":"https:\/\/schema.org","@graph":[{"@type":"WebPage","@id":"https:\/\/tekirdagvaillantkombiservisi.com.tr\/index.php\/iletisim\/","url":"https:\/\/tekirdagvaillantkombiservisi.com.tr\/index.php\/iletisim\/","name":"\u0130leti\u015fim - Tekirda\u011f Vaillant Kombi Servisi 0282 263 22 96","isPartOf":{"@id":"https:\/\/tekirdagvaillantkombiservisi.com.tr\/#website"},"primaryImageOfPage":{"@id":"https:\/\/tekirdagvaillantkombiservisi.com.tr\/index.php\/iletisim\/#primaryimage"},"image":{"@id":"https:\/\/tekirdagvaillantkombiservisi.com.tr\/index.php\/iletisim\/#primaryimage"},"thumbnailUrl":"https:\/\/tekirdagvaillantkombiservisi.com.tr\/wp-content\/uploads\/2024\/09\/1230711018358920vaillan.jpg","datePublished":"2024-09-21T08:41:13+00:00","dateModified":"2024-09-24T11:29:12+00:00","description":"\u0130leti\u015fim Tekirda\u011f Vaillant Kombi Servisi 0282 263 22 96 WhatsApp \u0130leti\u015fim 0535 876 25 80 Tekirda\u011f Vaillant Kombi, Kazan, Kaskad Sistemleri","breadcrumb":{"@id":"https:\/\/tekirdagvaillantkombiservisi.com.tr\/index.php\/iletisim\/#breadcrumb"},"inLanguage":"tr","potentialAction":[{"@type":"ReadAction","target":["https:\/\/tekirdagvaillantkombiservisi.com.tr\/index.php\/iletisim\/"]}]},{"@type":"ImageObject","inLanguage":"tr","@id":"https:\/\/tekirdagvaillantkombiservisi.com.tr\/index.php\/iletisim\/#primaryimage","url":"https:\/\/tekirdagvaillantkombiservisi.com.tr\/wp-content\/uploads\/2024\/09\/1230711018358920vaillan.jpg","contentUrl":"https:\/\/tekirdagvaillantkombiservisi.com.tr\/wp-content\/uploads\/2024\/09\/1230711018358920vaillan.jpg","width":837,"height":682,"caption":"\u0130leti\u015fim 1230711018358920vaillan"},{"@type":"BreadcrumbList","@id":"https:\/\/tekirdagvaillantkombiservisi.com.tr\/index.php\/iletisim\/#breadcrumb","itemListElement":[{"@type":"ListItem","position":1,"name":"Anasayfa","item":"https:\/\/tekirdagvaillantkombiservisi.com.tr\/"},{"@type":"ListItem","position":2,"name":"\u0130leti\u015fim"}]},{"@type":"WebSite","@id":"https:\/\/tekirdagvaillantkombiservisi.com.tr\/#website","url":"https:\/\/tekirdagvaillantkombiservisi.com.tr\/","name":"Tekirda\u011f Vaillant Kombi Servisi 0282 263 22 96","description":"Tekirda\u011f Vaillant Kombi Servisi 0282 263 22 96","potentialAction":[{"@type":"SearchAction","target":{"@type":"EntryPoint","urlTemplate":"https:\/\/tekirdagvaillantkombiservisi.com.tr\/?s={search_term_string}"},"query-input":{"@type":"PropertyValueSpecification","valueRequired":true,"valueName":"search_term_string"}}],"inLanguage":"tr"}]}},"_links":{"self":[{"href":"https:\/\/tekirdagvaillantkombiservisi.com.tr\/index.php\/wp-json\/wp\/v2\/pages\/665","targetHints":{"allow":["GET"]}}],"collection":[{"href":"https:\/\/tekirdagvaillantkombiservisi.com.tr\/index.php\/wp-json\/wp\/v2\/pages"}],"about":[{"href":"https:\/\/tekirdagvaillantkombiservisi.com.tr\/index.php\/wp-json\/wp\/v2\/types\/page"}],"author":[{"embeddable":true,"href":"https:\/\/tekirdagvaillantkombiservisi.com.tr\/index.php\/wp-json\/wp\/v2\/users\/1"}],"replies":[{"embeddable":true,"href":"https:\/\/tekirdagvaillantkombiservisi.com.tr\/index.php\/wp-json\/wp\/v2\/comments?post=665"}],"version-history":[{"count":21,"href":"https:\/\/tekirdagvaillantkombiservisi.com.tr\/index.php\/wp-json\/wp\/v2\/pages\/665\/revisions"}],"predecessor-version":[{"id":923,"href":"https:\/\/tekirdagvaillantkombiservisi.com.tr\/index.php\/wp-json\/wp\/v2\/pages\/665\/revisions\/923"}],"wp:attachment":[{"href":"https:\/\/tekirdagvaillantkombiservisi.com.tr\/index.php\/wp-json\/wp\/v2\/media?parent=665"}],"curies":[{"name":"wp","href":"https:\/\/api.w.org\/{rel}","templated":true}]}}